{"id":1885,"date":"2021-11-21T15:14:41","date_gmt":"2021-11-21T15:14:41","guid":{"rendered":"https:\/\/marquestshirt.com\/index.php\/services\/"},"modified":"2023-12-14T18:22:58","modified_gmt":"2023-12-14T15:22:58","slug":"urunlerimiz","status":"publish","type":"page","link":"https:\/\/marquestshirt.com\/index.php\/urunlerimiz\/","title":{"rendered":"\u00dcr\u00fcnlerimiz"},"content":{"rendered":"\t\t<div data-elementor-type=\"wp-page\" data-elementor-id=\"1885\" class=\"elementor elementor-1885\">\n\t\t\t\t\t\t\t\t\t<section class=\"elementor-section elementor-top-section elementor-element elementor-element-83746e8 elementor-section-height-min-height elementor-section-boxed elementor-section-height-default elementor-section-items-middle\" data-id=\"83746e8\" data-element_type=\"section\" data-settings=\"{&quot;background_background&quot;:&quot;classic&quot;}\">\n\t\t\t\t\t\t\t<div class=\"elementor-background-overlay\"><\/div>\n\t\t\t\t\t\t\t<div class=\"elementor-container elementor-column-gap-default\">\n\t\t\t\t\t<div class=\"elementor-column elementor-col-100 elementor-top-column elementor-element elementor-element-09faee3\" data-id=\"09faee3\" data-element_type=\"column\">\n\t\t\t<div class=\"elementor-widget-wrap elementor-element-populated\">\n\t\t\t\t\t\t\t\t<div class=\"elementor-element elementor-element-c7152a9 elementor-widget elementor-widget-heading\" data-id=\"c7152a9\" data-element_type=\"widget\" data-widget_type=\"heading.default\">\n\t\t\t\t<div class=\"elementor-widget-container\">\n\t\t\t<style>\/*! elementor - v3.17.0 - 08-11-2023 *\/\n.elementor-heading-title{padding:0;margin:0;line-height:1}.elementor-widget-heading .elementor-heading-title[class*=elementor-size-]>a{color:inherit;font-size:inherit;line-height:inherit}.elementor-widget-heading .elementor-heading-title.elementor-size-small{font-size:15px}.elementor-widget-heading .elementor-heading-title.elementor-size-medium{font-size:19px}.elementor-widget-heading .elementor-heading-title.elementor-size-large{font-size:29px}.elementor-widget-heading .elementor-heading-title.elementor-size-xl{font-size:39px}.elementor-widget-heading .elementor-heading-title.elementor-size-xxl{font-size:59px}<\/style><h1 class=\"elementor-heading-title elementor-size-default\">MARQUES AT\u00d6LYES\u0130<\/h1>\t\t<\/div>\n\t\t\t\t<\/div>\n\t\t\t\t\t<\/div>\n\t\t<\/div>\n\t\t\t\t\t\t\t<\/div>\n\t\t<\/section>\n\t\t<div class=\"elementor-element elementor-element-f3a4e27 e-flex e-con-boxed e-con e-parent\" data-id=\"f3a4e27\" data-element_type=\"container\" data-settings=\"{&quot;content_width&quot;:&quot;boxed&quot;}\" data-core-v316-plus=\"true\">\n\t\t\t\t\t<div class=\"e-con-inner\">\n\t\t\t\t<div class=\"elementor-element elementor-element-ebb5777 elementor-widget elementor-widget-heading\" data-id=\"ebb5777\" data-element_type=\"widget\" data-widget_type=\"heading.default\">\n\t\t\t\t<div class=\"elementor-widget-container\">\n\t\t\t<h2 class=\"elementor-heading-title elementor-size-default\">G\u00d6RSELLER \u00dcR\u00dcN \u00d6RNEKLER\u0130M\u0130Z\u0130N SADECE B\u0130R KISMIDIR,S\u0130PAR\u0130\u015eLER\u0130N\u0130ZE \u00d6ZEL \u0130STED\u0130\u011e\u0130N\u0130Z TASARIMDA VE RENKTE \u00dcRET\u0130M YAPILMAKTADIR.<\/h2>\t\t<\/div>\n\t\t\t\t<\/div>\n\t\t\t\t\t<\/div>\n\t\t\t\t<\/div>\n\t\t<div class=\"elementor-element elementor-element-0ba6e16 e-flex e-con-boxed e-con e-parent\" data-id=\"0ba6e16\" data-element_type=\"container\" data-settings=\"{&quot;content_width&quot;:&quot;boxed&quot;}\" data-core-v316-plus=\"true\">\n\t\t\t\t\t<div class=\"e-con-inner\">\n\t\t\t\t<div class=\"elementor-element elementor-element-7426f85 elementor-widget elementor-widget-heading\" data-id=\"7426f85\" data-element_type=\"widget\" data-widget_type=\"heading.default\">\n\t\t\t\t<div class=\"elementor-widget-container\">\n\t\t\t<h2 class=\"elementor-heading-title elementor-size-default\">SWEATSHIRT<br>\u00dc\u00e7 \u0130plik Penye \u015eardonlu Kuma\u015ftan \u00dcretilmi\u015ftir.<\/h2>\t\t<\/div>\n\t\t\t\t<\/div>\n\t\t\t\t\t<\/div>\n\t\t\t\t<\/div>\n\t\t<div class=\"elementor-element elementor-element-c15e432 e-flex e-con-boxed e-con e-parent\" data-id=\"c15e432\" data-element_type=\"container\" data-settings=\"{&quot;content_width&quot;:&quot;boxed&quot;}\" data-core-v316-plus=\"true\">\n\t\t\t\t\t<div class=\"e-con-inner\">\n\t\t\t\t<div class=\"elementor-element elementor-element-06b327d elementor-widget elementor-widget-image\" data-id=\"06b327d\" data-element_type=\"widget\" data-widget_type=\"image.default\">\n\t\t\t\t<div class=\"elementor-widget-container\">\n\t\t\t<style>\/*! elementor - v3.17.0 - 08-11-2023 *\/\n.elementor-widget-image{text-align:center}.elementor-widget-image a{display:inline-block}.elementor-widget-image a img[src$=\".svg\"]{width:48px}.elementor-widget-image img{vertical-align:middle;display:inline-block}<\/style>\t\t\t\t\t\t\t\t\t\t\t\t<img fetchpriority=\"high\" decoding=\"async\" width=\"1024\" height=\"686\" src=\"https:\/\/marquestshirt.com\/wp-content\/uploads\/2023\/12\/a-1024x686.png\" class=\"attachment-large size-large wp-image-2193\" alt=\"\" srcset=\"https:\/\/marquestshirt.com\/wp-content\/uploads\/2023\/12\/a-1024x686.png 1024w, https:\/\/marquestshirt.com\/wp-content\/uploads\/2023\/12\/a-300x201.png 300w, https:\/\/marquestshirt.com\/wp-content\/uploads\/2023\/12\/a-768x515.png 768w, https:\/\/marquestshirt.com\/wp-content\/uploads\/2023\/12\/a-1536x1029.png 1536w, https:\/\/marquestshirt.com\/wp-content\/uploads\/2023\/12\/a-2048x1372.png 2048w\" sizes=\"(max-width: 1024px) 100vw, 1024px\" \/>\t\t\t\t\t\t\t\t\t\t\t\t\t\t\t<\/div>\n\t\t\t\t<\/div>\n\t\t\t\t\t<\/div>\n\t\t\t\t<\/div>\n\t\t<div class=\"elementor-element elementor-element-fb5218e e-flex e-con-boxed e-con e-parent\" data-id=\"fb5218e\" data-element_type=\"container\" data-settings=\"{&quot;content_width&quot;:&quot;boxed&quot;}\" data-core-v316-plus=\"true\">\n\t\t\t\t\t<div class=\"e-con-inner\">\n\t\t\t\t<div class=\"elementor-element elementor-element-a812111 elementor-widget elementor-widget-heading\" data-id=\"a812111\" data-element_type=\"widget\" data-widget_type=\"heading.default\">\n\t\t\t\t<div class=\"elementor-widget-container\">\n\t\t\t<h2 class=\"elementor-heading-title elementor-size-default\">KAP\u015eONLU SWEATSHIRT \/ HOODIE<br>\u00dc\u00e7 \u0130plik Penye \u015eardonlu Kuma\u015ftan \u00dcretilmi\u015ftir.<\/h2>\t\t<\/div>\n\t\t\t\t<\/div>\n\t\t\t\t\t<\/div>\n\t\t\t\t<\/div>\n\t\t<div class=\"elementor-element elementor-element-480248d e-flex e-con-boxed e-con e-parent\" data-id=\"480248d\" data-element_type=\"container\" data-settings=\"{&quot;content_width&quot;:&quot;boxed&quot;}\" data-core-v316-plus=\"true\">\n\t\t\t\t\t<div class=\"e-con-inner\">\n\t\t\t\t<div class=\"elementor-element elementor-element-1f6f96b elementor-widget elementor-widget-image\" data-id=\"1f6f96b\" data-element_type=\"widget\" data-widget_type=\"image.default\">\n\t\t\t\t<div class=\"elementor-widget-container\">\n\t\t\t\t\t\t\t\t\t\t\t\t\t\t\t<img decoding=\"async\" width=\"1024\" height=\"509\" src=\"https:\/\/marquestshirt.com\/wp-content\/uploads\/2023\/12\/c-1024x509.png\" class=\"attachment-large size-large wp-image-2194\" alt=\"\" srcset=\"https:\/\/marquestshirt.com\/wp-content\/uploads\/2023\/12\/c-1024x509.png 1024w, https:\/\/marquestshirt.com\/wp-content\/uploads\/2023\/12\/c-300x149.png 300w, https:\/\/marquestshirt.com\/wp-content\/uploads\/2023\/12\/c-768x382.png 768w, https:\/\/marquestshirt.com\/wp-content\/uploads\/2023\/12\/c-1536x763.png 1536w, https:\/\/marquestshirt.com\/wp-content\/uploads\/2023\/12\/c-2048x1018.png 2048w\" sizes=\"(max-width: 1024px) 100vw, 1024px\" \/>\t\t\t\t\t\t\t\t\t\t\t\t\t\t\t<\/div>\n\t\t\t\t<\/div>\n\t\t\t\t\t<\/div>\n\t\t\t\t<\/div>\n\t\t<div class=\"elementor-element elementor-element-d25df27 e-flex e-con-boxed e-con e-parent\" data-id=\"d25df27\" data-element_type=\"container\" data-settings=\"{&quot;content_width&quot;:&quot;boxed&quot;}\" data-core-v316-plus=\"true\">\n\t\t\t\t\t<div class=\"e-con-inner\">\n\t\t\t\t<div class=\"elementor-element elementor-element-b50cf51 elementor-widget elementor-widget-heading\" data-id=\"b50cf51\" data-element_type=\"widget\" data-widget_type=\"heading.default\">\n\t\t\t\t<div class=\"elementor-widget-container\">\n\t\t\t<h2 class=\"elementor-heading-title elementor-size-default\">POLO YAKA TSHIRT<br>30\/1 Pamuklu Penye Kuma\u015ftan \u00dcretilmi\u015ftir.<\/h2>\t\t<\/div>\n\t\t\t\t<\/div>\n\t\t\t\t\t<\/div>\n\t\t\t\t<\/div>\n\t\t<div class=\"elementor-element elementor-element-0e1aab0 e-flex e-con-boxed e-con e-parent\" data-id=\"0e1aab0\" data-element_type=\"container\" data-settings=\"{&quot;content_width&quot;:&quot;boxed&quot;}\" data-core-v316-plus=\"true\">\n\t\t\t\t\t<div class=\"e-con-inner\">\n\t\t\t\t<div class=\"elementor-element elementor-element-ebe8fa7 elementor-widget elementor-widget-image\" data-id=\"ebe8fa7\" data-element_type=\"widget\" data-widget_type=\"image.default\">\n\t\t\t\t<div class=\"elementor-widget-container\">\n\t\t\t\t\t\t\t\t\t\t\t\t\t\t\t<img decoding=\"async\" width=\"1024\" height=\"676\" src=\"https:\/\/marquestshirt.com\/wp-content\/uploads\/2023\/12\/d-1024x676.png\" class=\"attachment-large size-large wp-image-2196\" alt=\"\" srcset=\"https:\/\/marquestshirt.com\/wp-content\/uploads\/2023\/12\/d-1024x676.png 1024w, https:\/\/marquestshirt.com\/wp-content\/uploads\/2023\/12\/d-300x198.png 300w, https:\/\/marquestshirt.com\/wp-content\/uploads\/2023\/12\/d-768x507.png 768w, https:\/\/marquestshirt.com\/wp-content\/uploads\/2023\/12\/d-1536x1014.png 1536w, https:\/\/marquestshirt.com\/wp-content\/uploads\/2023\/12\/d-2048x1352.png 2048w\" sizes=\"(max-width: 1024px) 100vw, 1024px\" \/>\t\t\t\t\t\t\t\t\t\t\t\t\t\t\t<\/div>\n\t\t\t\t<\/div>\n\t\t\t\t\t<\/div>\n\t\t\t\t<\/div>\n\t\t<div class=\"elementor-element elementor-element-9c11ca5 e-flex e-con-boxed e-con e-parent\" data-id=\"9c11ca5\" data-element_type=\"container\" data-settings=\"{&quot;content_width&quot;:&quot;boxed&quot;}\" data-core-v316-plus=\"true\">\n\t\t\t\t\t<div class=\"e-con-inner\">\n\t\t\t\t<div class=\"elementor-element elementor-element-eb54b18 elementor-widget elementor-widget-heading\" data-id=\"eb54b18\" data-element_type=\"widget\" data-widget_type=\"heading.default\">\n\t\t\t\t<div class=\"elementor-widget-container\">\n\t\t\t<h2 class=\"elementor-heading-title elementor-size-default\">BASIC TSHIRT<br>30\/1 Pamuklu Penye Kuma\u015ftan \u00dcretilmi\u015ftir.<\/h2>\t\t<\/div>\n\t\t\t\t<\/div>\n\t\t\t\t\t<\/div>\n\t\t\t\t<\/div>\n\t\t<div class=\"elementor-element elementor-element-2a02954 e-flex e-con-boxed e-con e-parent\" data-id=\"2a02954\" data-element_type=\"container\" data-settings=\"{&quot;content_width&quot;:&quot;boxed&quot;}\" data-core-v316-plus=\"true\">\n\t\t\t\t\t<div class=\"e-con-inner\">\n\t\t\t\t<div class=\"elementor-element elementor-element-d4f00c8 elementor-widget elementor-widget-image\" data-id=\"d4f00c8\" data-element_type=\"widget\" data-widget_type=\"image.default\">\n\t\t\t\t<div class=\"elementor-widget-container\">\n\t\t\t\t\t\t\t\t\t\t\t\t\t\t\t<img loading=\"lazy\" decoding=\"async\" width=\"1024\" height=\"686\" src=\"https:\/\/marquestshirt.com\/wp-content\/uploads\/2023\/12\/b-1024x686.png\" class=\"attachment-large size-large wp-image-2197\" alt=\"\" srcset=\"https:\/\/marquestshirt.com\/wp-content\/uploads\/2023\/12\/b-1024x686.png 1024w, https:\/\/marquestshirt.com\/wp-content\/uploads\/2023\/12\/b-300x201.png 300w, https:\/\/marquestshirt.com\/wp-content\/uploads\/2023\/12\/b-768x515.png 768w, https:\/\/marquestshirt.com\/wp-content\/uploads\/2023\/12\/b-1536x1029.png 1536w, https:\/\/marquestshirt.com\/wp-content\/uploads\/2023\/12\/b-2048x1372.png 2048w\" sizes=\"(max-width: 1024px) 100vw, 1024px\" \/>\t\t\t\t\t\t\t\t\t\t\t\t\t\t\t<\/div>\n\t\t\t\t<\/div>\n\t\t\t\t\t<\/div>\n\t\t\t\t<\/div>\n\t\t<div class=\"elementor-element elementor-element-5d9cb85 e-flex e-con-boxed e-con e-parent\" data-id=\"5d9cb85\" data-element_type=\"container\" data-settings=\"{&quot;content_width&quot;:&quot;boxed&quot;}\" data-core-v316-plus=\"true\">\n\t\t\t\t\t<div class=\"e-con-inner\">\n\t\t\t\t<div class=\"elementor-element elementor-element-4d1c150 elementor-widget elementor-widget-heading\" data-id=\"4d1c150\" data-element_type=\"widget\" data-widget_type=\"heading.default\">\n\t\t\t\t<div class=\"elementor-widget-container\">\n\t\t\t<h2 class=\"elementor-heading-title elementor-size-default\">\u015eAPKA<\/h2>\t\t<\/div>\n\t\t\t\t<\/div>\n\t\t\t\t\t<\/div>\n\t\t\t\t<\/div>\n\t\t<div class=\"elementor-element elementor-element-10eccd4 e-flex e-con-boxed e-con e-parent\" data-id=\"10eccd4\" data-element_type=\"container\" data-settings=\"{&quot;content_width&quot;:&quot;boxed&quot;}\" data-core-v316-plus=\"true\">\n\t\t\t\t\t<div class=\"e-con-inner\">\n\t\t\t\t<div class=\"elementor-element elementor-element-95d40c9 elementor-widget elementor-widget-image\" data-id=\"95d40c9\" data-element_type=\"widget\" data-widget_type=\"image.default\">\n\t\t\t\t<div class=\"elementor-widget-container\">\n\t\t\t\t\t\t\t\t\t\t\t\t\t\t\t<img loading=\"lazy\" decoding=\"async\" width=\"1024\" height=\"453\" src=\"https:\/\/marquestshirt.com\/wp-content\/uploads\/2023\/12\/e-1024x453.png\" class=\"attachment-large size-large wp-image-2198\" alt=\"\" srcset=\"https:\/\/marquestshirt.com\/wp-content\/uploads\/2023\/12\/e-1024x453.png 1024w, https:\/\/marquestshirt.com\/wp-content\/uploads\/2023\/12\/e-300x133.png 300w, https:\/\/marquestshirt.com\/wp-content\/uploads\/2023\/12\/e-768x340.png 768w, https:\/\/marquestshirt.com\/wp-content\/uploads\/2023\/12\/e-1536x680.png 1536w, https:\/\/marquestshirt.com\/wp-content\/uploads\/2023\/12\/e-2048x906.png 2048w\" sizes=\"(max-width: 1024px) 100vw, 1024px\" \/>\t\t\t\t\t\t\t\t\t\t\t\t\t\t\t<\/div>\n\t\t\t\t<\/div>\n\t\t\t\t\t<\/div>\n\t\t\t\t<\/div>\n\t\t<div class=\"elementor-element elementor-element-0959770 e-flex e-con-boxed e-con e-parent\" data-id=\"0959770\" data-element_type=\"container\" data-settings=\"{&quot;content_width&quot;:&quot;boxed&quot;}\" data-core-v316-plus=\"true\">\n\t\t\t\t\t<div class=\"e-con-inner\">\n\t\t\t\t<div class=\"elementor-element elementor-element-e8770eb elementor-widget elementor-widget-heading\" data-id=\"e8770eb\" data-element_type=\"widget\" data-widget_type=\"heading.default\">\n\t\t\t\t<div class=\"elementor-widget-container\">\n\t\t\t<h2 class=\"elementor-heading-title elementor-size-default\">\u00dcr\u00fcnlerinize istedi\u011finiz takdirde bask\u0131 i\u015flemleri de yap\u0131labilmektedir.<\/h2>\t\t<\/div>\n\t\t\t\t<\/div>\n\t\t\t\t\t<\/div>\n\t\t\t\t<\/div>\n\t\t\t\t\t\t\t<\/div>\n\t\t","protected":false},"excerpt":{"rendered":"<p>MARQUES AT\u00d6LYES\u0130 G\u00d6RSELLER \u00dcR\u00dcN \u00d6RNEKLER\u0130M\u0130Z\u0130N SADECE B\u0130R KISMIDIR,S\u0130PAR\u0130\u015eLER\u0130N\u0130ZE \u00d6ZEL \u0130STED\u0130\u011e\u0130N\u0130Z TASARIMDA VE RENKTE \u00dcRET\u0130M YAPILMAKTADIR. SWEATSHIRT\u00dc\u00e7 \u0130plik Penye \u015eardonlu Kuma\u015ftan \u00dcretilmi\u015ftir. KAP\u015eONLU SWEATSHIRT \/ HOODIE\u00dc\u00e7 \u0130plik Penye \u015eardonlu Kuma\u015ftan \u00dcretilmi\u015ftir. POLO YAKA TSHIRT30\/1 Pamuklu Penye Kuma\u015ftan \u00dcretilmi\u015ftir. BASIC TSHIRT30\/1 Pamuklu Penye Kuma\u015ftan \u00dcretilmi\u015ftir. \u015eAPKA \u00dcr\u00fcnlerinize istedi\u011finiz takdirde bask\u0131 i\u015flemleri de yap\u0131labilmektedir.<\/p>\n","protected":false},"author":1,"featured_media":0,"parent":0,"menu_order":0,"comment_status":"closed","ping_status":"closed","template":"","meta":{"om_disable_all_campaigns":false,"_monsterinsights_skip_tracking":false,"_monsterinsights_sitenote_active":false,"_monsterinsights_sitenote_note":"","_monsterinsights_sitenote_category":0,"site-sidebar-layout":"no-sidebar","site-content-layout":"page-builder","ast-site-content-layout":"","site-content-style":"default","site-sidebar-style":"default","ast-global-header-display":"","ast-banner-title-visibility":"","ast-main-header-display":"","ast-hfb-above-header-display":"","ast-hfb-below-header-display":"","ast-hfb-mobile-header-display":"","site-post-title":"disabled","ast-breadcrumbs-content":"","ast-featured-img":"disabled","footer-sml-layout":"","theme-transparent-header-meta":"enabled","adv-header-id-meta":"","stick-header-meta":"","header-above-stick-meta":"","header-main-stick-meta":"","header-below-stick-meta":"","astra-migrate-meta-layouts":"","ast-page-background-enabled":"default","ast-page-background-meta":{"desktop":{"background-color":"var(--ast-global-color-4)","background-image":"","background-repeat":"repeat","background-position":"center center","background-size":"auto","background-attachment":"scroll","background-type":"","background-media":"","overlay-type":"","overlay-color":"","overlay-gradient":""},"tablet":{"background-color":"","background-image":"","background-repeat":"repeat","background-position":"center center","background-size":"auto","background-attachment":"scroll","background-type":"","background-media":"","overlay-type":"","overlay-color":"","overlay-gradient":""},"mobile":{"background-color":"","background-image":"","background-repeat":"repeat","background-position":"center center","background-size":"auto","background-attachment":"scroll","background-type":"","background-media":"","overlay-type":"","overlay-color":"","overlay-gradient":""}},"ast-content-background-meta":{"desktop":{"background-color":"var(--ast-global-color-5)","background-image":"","background-repeat":"repeat","background-position":"center center","background-size":"auto","background-attachment":"scroll","background-type":"","background-media":"","overlay-type":"","overlay-color":"","overlay-gradient":""},"tablet":{"background-color":"var(--ast-global-color-5)","background-image":"","background-repeat":"repeat","background-position":"center center","background-size":"auto","background-attachment":"scroll","background-type":"","background-media":"","overlay-type":"","overlay-color":"","overlay-gradient":""},"mobile":{"background-color":"var(--ast-global-color-5)","background-image":"","background-repeat":"repeat","background-position":"center center","background-size":"auto","background-attachment":"scroll","background-type":"","background-media":"","overlay-type":"","overlay-color":"","overlay-gradient":""}},"footnotes":""},"aioseo_notices":[],"_links":{"self":[{"href":"https:\/\/marquestshirt.com\/index.php\/wp-json\/wp\/v2\/pages\/1885"}],"collection":[{"href":"https:\/\/marquestshirt.com\/index.php\/wp-json\/wp\/v2\/pages"}],"about":[{"href":"https:\/\/marquestshirt.com\/index.php\/wp-json\/wp\/v2\/types\/page"}],"author":[{"embeddable":true,"href":"https:\/\/marquestshirt.com\/index.php\/wp-json\/wp\/v2\/users\/1"}],"replies":[{"embeddable":true,"href":"https:\/\/marquestshirt.com\/index.php\/wp-json\/wp\/v2\/comments?post=1885"}],"version-history":[{"count":51,"href":"https:\/\/marquestshirt.com\/index.php\/wp-json\/wp\/v2\/pages\/1885\/revisions"}],"predecessor-version":[{"id":2201,"href":"https:\/\/marquestshirt.com\/index.php\/wp-json\/wp\/v2\/pages\/1885\/revisions\/2201"}],"wp:attachment":[{"href":"https:\/\/marquestshirt.com\/index.php\/wp-json\/wp\/v2\/media?parent=1885"}],"curies":[{"name":"wp","href":"https:\/\/api.w.org\/{rel}","templated":true}]}}